{"id":84,"date":"2017-02-28T15:57:00","date_gmt":"2017-02-28T14:57:00","guid":{"rendered":"https:\/\/www.bm-boulonnerie.com\/?page_id=84"},"modified":"2022-04-12T16:10:24","modified_gmt":"2022-04-12T14:10:24","slug":"transfer-press","status":"publish","type":"page","link":"https:\/\/www.bm-boulonnerie.com\/en\/transfer-press\/","title":{"rendered":"Transfer press"},"content":{"rendered":"<div class=\"wpb-content-wrapper\"><p>[vc_row][vc_column][vc_column_text]3 transfer presses, from \u00d8 3 to \u00d8 5 (head max. \u00d8 15 mm) for the production of parts with high deformations such as hollow inserts, stepped rivets, special screws, long shafts with flats etc.[\/vc_column_text][\/vc_column][\/vc_row][vc_row][vc_column width=&#8221;2\/3&#8243;][vc_video link=&#8221;https:\/\/www.youtube.com\/watch?v=lf41FZsmE0o&#8221; el_width=&#8221;60&#8243;][\/vc_column][vc_column width=&#8221;1\/3&#8243; css=&#8221;.vc_custom_1488295286353{margin-left: -50px !important;}&#8221;][vc_single_image image=&#8221;183&#8243; img_size=&#8221;full&#8221;][vc_single_image image=&#8221;266&#8243; img_size=&#8221;full&#8221;][\/vc_column][\/vc_row][vc_row][vc_column width=&#8221;1\/4&#8243;][\/vc_column][vc_column width=&#8221;1\/2&#8243;][vc_btn title=&#8221;Contact us for a price quote&#8221; color=&#8221;danger&#8221; align=&#8221;center&#8221; i_icon_fontawesome=&#8221;fa fa-envelope-o&#8221; add_icon=&#8221;true&#8221; link=&#8221;url:https%3A%2F%2Fwww.bm-boulonnerie.com%2Fen%2Fcontact.html|||&#8221;][\/vc_column][vc_column width=&#8221;1\/4&#8243;][\/vc_column][\/vc_row]<\/p>\n<\/div>","protected":false},"excerpt":{"rendered":"<p>[vc_row][vc_column][vc_column_text]3 transfer presses, from \u00d8 3 to \u00d8 5 (head max. \u00d8 15 mm) for the production of parts with high deformations such as hollow inserts,<span class=\"excerpt-hellip\"> [\u2026]<\/span><\/p>\n","protected":false},"author":1,"featured_media":0,"parent":0,"menu_order":0,"comment_status":"closed","ping_status":"closed","template":"","meta":{"footnotes":""},"class_list":["post-84","page","type-page","status-publish","hentry"],"yoast_head":"<!-- This site is optimized with the Yoast SEO plugin v25.6 - https:\/\/yoast.com\/wordpress\/plugins\/seo\/ -->\n<title>Manunfacturer of hollow inserts, stepped rivets, special screws, long shafts<\/title>\n<meta name=\"description\" content=\"BM Boulonnerie is a French manufacturer of special screws, hollow inserts, stepped rivets... using a transfert press for instance. Contact us for details.\" \/>\n<meta name=\"robots\" content=\"index, follow, max-snippet:-1, max-image-preview:large, max-video-preview:-1\" \/>\n<link rel=\"canonical\" href=\"https:\/\/www.bm-boulonnerie.com\/en\/transfer-press\/\" \/>\n<meta property=\"og:locale\" content=\"en_GB\" \/>\n<meta property=\"og:type\" content=\"article\" \/>\n<meta property=\"og:title\" content=\"Manunfacturer of hollow inserts, stepped rivets, special screws, long shafts\" \/>\n<meta property=\"og:description\" content=\"BM Boulonnerie is a French manufacturer of special screws, hollow inserts, stepped rivets... using a transfert press for instance. Contact us for details.\" \/>\n<meta property=\"og:url\" content=\"https:\/\/www.bm-boulonnerie.com\/en\/transfer-press\/\" \/>\n<meta property=\"og:site_name\" content=\"BM Boulonnerie, industrial screws and fasteners\" \/>\n<meta property=\"article:modified_time\" content=\"2022-04-12T14:10:24+00:00\" \/>\n<meta name=\"twitter:card\" content=\"summary_large_image\" \/>\n<meta name=\"twitter:label1\" content=\"Estimated reading time\" \/>\n\t<meta name=\"twitter:data1\" content=\"1 minute\" \/>\n<script type=\"application\/ld+json\" class=\"yoast-schema-graph\">{\"@context\":\"https:\/\/schema.org\",\"@graph\":[{\"@type\":\"WebPage\",\"@id\":\"https:\/\/www.bm-boulonnerie.com\/en\/transfer-press\/\",\"url\":\"https:\/\/www.bm-boulonnerie.com\/en\/transfer-press\/\",\"name\":\"Manunfacturer of hollow inserts, stepped rivets, special screws, long shafts\",\"isPartOf\":{\"@id\":\"https:\/\/www.bm-boulonnerie.com\/en\/#website\"},\"datePublished\":\"2017-02-28T14:57:00+00:00\",\"dateModified\":\"2022-04-12T14:10:24+00:00\",\"description\":\"BM Boulonnerie is a French manufacturer of special screws, hollow inserts, stepped rivets... using a transfert press for instance. Contact us for details.\",\"inLanguage\":\"en-GB\",\"potentialAction\":[{\"@type\":\"ReadAction\",\"target\":[\"https:\/\/www.bm-boulonnerie.com\/en\/transfer-press\/\"]}]},{\"@type\":\"WebSite\",\"@id\":\"https:\/\/www.bm-boulonnerie.com\/en\/#website\",\"url\":\"https:\/\/www.bm-boulonnerie.com\/en\/\",\"name\":\"BM Boulonnerie, industrial screws and fasteners\",\"description\":\"Screws, studs, inserts, spacers, fasteners\",\"potentialAction\":[{\"@type\":\"SearchAction\",\"target\":{\"@type\":\"EntryPoint\",\"urlTemplate\":\"https:\/\/www.bm-boulonnerie.com\/en\/?s={search_term_string}\"},\"query-input\":{\"@type\":\"PropertyValueSpecification\",\"valueRequired\":true,\"valueName\":\"search_term_string\"}}],\"inLanguage\":\"en-GB\"}]}<\/script>\n<!-- \/ Yoast SEO plugin. -->","yoast_head_json":{"title":"Manunfacturer of hollow inserts, stepped rivets, special screws, long shafts","description":"BM Boulonnerie is a French manufacturer of special screws, hollow inserts, stepped rivets... using a transfert press for instance. Contact us for details.","robots":{"index":"index","follow":"follow","max-snippet":"max-snippet:-1","max-image-preview":"max-image-preview:large","max-video-preview":"max-video-preview:-1"},"canonical":"https:\/\/www.bm-boulonnerie.com\/en\/transfer-press\/","og_locale":"en_GB","og_type":"article","og_title":"Manunfacturer of hollow inserts, stepped rivets, special screws, long shafts","og_description":"BM Boulonnerie is a French manufacturer of special screws, hollow inserts, stepped rivets... using a transfert press for instance. Contact us for details.","og_url":"https:\/\/www.bm-boulonnerie.com\/en\/transfer-press\/","og_site_name":"BM Boulonnerie, industrial screws and fasteners","article_modified_time":"2022-04-12T14:10:24+00:00","twitter_card":"summary_large_image","twitter_misc":{"Estimated reading time":"1 minute"},"schema":{"@context":"https:\/\/schema.org","@graph":[{"@type":"WebPage","@id":"https:\/\/www.bm-boulonnerie.com\/en\/transfer-press\/","url":"https:\/\/www.bm-boulonnerie.com\/en\/transfer-press\/","name":"Manunfacturer of hollow inserts, stepped rivets, special screws, long shafts","isPartOf":{"@id":"https:\/\/www.bm-boulonnerie.com\/en\/#website"},"datePublished":"2017-02-28T14:57:00+00:00","dateModified":"2022-04-12T14:10:24+00:00","description":"BM Boulonnerie is a French manufacturer of special screws, hollow inserts, stepped rivets... using a transfert press for instance. Contact us for details.","inLanguage":"en-GB","potentialAction":[{"@type":"ReadAction","target":["https:\/\/www.bm-boulonnerie.com\/en\/transfer-press\/"]}]},{"@type":"WebSite","@id":"https:\/\/www.bm-boulonnerie.com\/en\/#website","url":"https:\/\/www.bm-boulonnerie.com\/en\/","name":"BM Boulonnerie, industrial screws and fasteners","description":"Screws, studs, inserts, spacers, fasteners","potentialAction":[{"@type":"SearchAction","target":{"@type":"EntryPoint","urlTemplate":"https:\/\/www.bm-boulonnerie.com\/en\/?s={search_term_string}"},"query-input":{"@type":"PropertyValueSpecification","valueRequired":true,"valueName":"search_term_string"}}],"inLanguage":"en-GB"}]}},"_links":{"self":[{"href":"https:\/\/www.bm-boulonnerie.com\/en\/wp-json\/wp\/v2\/pages\/84"}],"collection":[{"href":"https:\/\/www.bm-boulonnerie.com\/en\/wp-json\/wp\/v2\/pages"}],"about":[{"href":"https:\/\/www.bm-boulonnerie.com\/en\/wp-json\/wp\/v2\/types\/page"}],"author":[{"embeddable":true,"href":"https:\/\/www.bm-boulonnerie.com\/en\/wp-json\/wp\/v2\/users\/1"}],"replies":[{"embeddable":true,"href":"https:\/\/www.bm-boulonnerie.com\/en\/wp-json\/wp\/v2\/comments?post=84"}],"version-history":[{"count":5,"href":"https:\/\/www.bm-boulonnerie.com\/en\/wp-json\/wp\/v2\/pages\/84\/revisions"}],"predecessor-version":[{"id":369,"href":"https:\/\/www.bm-boulonnerie.com\/en\/wp-json\/wp\/v2\/pages\/84\/revisions\/369"}],"wp:attachment":[{"href":"https:\/\/www.bm-boulonnerie.com\/en\/wp-json\/wp\/v2\/media?parent=84"}],"curies":[{"name":"wp","href":"https:\/\/api.w.org\/{rel}","templated":true}]}}